{"id":9426,"date":"2025-12-19T13:10:28","date_gmt":"2025-12-19T13:10:28","guid":{"rendered":"https:\/\/zacharbor.hu\/?post_type=product&#038;p=9426"},"modified":"2025-12-19T13:10:28","modified_gmt":"2025-12-19T13:10:28","slug":"chardonnay-selection-2024","status":"publish","type":"product","link":"http:\/\/zacharbor.hu\/en\/termek\/chardonnay-selection-2024\/","title":{"rendered":"Chardonnay Selection 2024"},"content":{"rendered":"<p data-start=\"257\" data-end=\"391\">Pinc\u00e9nk eddigi legkiv\u00e1l\u00f3bb bora \u2013 egy val\u00f3di pr\u00e9mium t\u00e9tel, amely t\u00f6bb mint egy \u00e9vtizedes szakmai \u00fat m\u00e9rf\u00f6ldk\u00f6ve.<\/p>\n<p data-start=\"393\" data-end=\"600\">A <strong data-start=\"395\" data-end=\"409\">Chardonnay<\/strong> \u00e9vek \u00f3ta meghat\u00e1roz\u00f3 szerepl\u0151je pinc\u00e9szet\u00fcnknek, \u00e9s a tapasztalat, amit az \u00e9vek alatt e fajta kapcs\u00e1n gy\u0171jt\u00f6tt\u00fcnk, most egy kiv\u00e9teles \u00e9vj\u00e1ratban, k\u00fcl\u00f6nleges hord\u00f3haszn\u00e1lattal teljesedett ki.<\/p>\n<p data-start=\"602\" data-end=\"791\">Ez a bor:<br data-start=\"611\" data-end=\"614\" \/>\u2013 <strong data-start=\"616\" data-end=\"643\">v\u00e1logatott alapanyagb\u00f3l<\/strong> k\u00e9sz\u00fclt,<br data-start=\"652\" data-end=\"655\" \/>\u2013 <strong data-start=\"657\" data-end=\"684\">francia t\u00f6lgyfahord\u00f3ban<\/strong> \u00e9rlel\u0151d\u00f6tt,<br data-start=\"696\" data-end=\"699\" \/>\u2013 \u00e9s minden korty\u00e1ban mag\u00e1ban hordozza a <strong data-start=\"740\" data-end=\"790\">Soproni borvid\u00e9k eleganci\u00e1j\u00e1t \u00e9s \u00e1sv\u00e1nyoss\u00e1g\u00e1t<\/strong>.<\/p>\n<p data-start=\"793\" data-end=\"954\">Illat\u00e1ban finom hord\u00f3s jegyek, \u00e9rett feh\u00e9r h\u00fas\u00fa gy\u00fcm\u00f6lcs\u00f6k \u00e9s f\u0171szeres \u00e1rnyalatok jelennek meg. K\u00f3stolva komplex, gazdag \u00e9s hosszan lecseng\u0151, m\u00e9gis friss \u00e9s \u00e9l\u0151.<\/p>\n<p data-start=\"956\" data-end=\"1116\">Ez nem egy \u201eegyszer\u0171 chardonnay\u201d.<br data-start=\"989\" data-end=\"992\" \/>Ez egy <strong data-start=\"999\" data-end=\"1012\">Selection<\/strong> \u2013 egy tudatosan megkompon\u00e1lt, r\u00e9tegzett bor, amelyet tapasztalat, fejl\u0151d\u00e9s \u00e9s szenved\u00e9ly h\u00edvott \u00e9letre.<\/p>\n<p data-start=\"1118\" data-end=\"1174\">\ud83d\udce6 <strong data-start=\"1121\" data-end=\"1174\">Limit\u00e1lt palacksz\u00e1m \u2013 el\u00e9rhet\u0151 a k\u00e9szlet erej\u00e9ig.<\/strong><\/p>\n","protected":false},"excerpt":{"rendered":"<p>Pinc\u00e9nk eddigi legkiv\u00e1l\u00f3bb bora \u2013 egy val\u00f3di pr\u00e9mium t\u00e9tel, amely t\u00f6bb mint egy \u00e9vtizedes szakmai \u00fat m\u00e9rf\u00f6ldk\u00f6ve. A Chardonnay \u00e9vek \u00f3ta meghat\u00e1roz\u00f3 szerepl\u0151je pinc\u00e9szet\u00fcnknek, \u00e9s a tapasztalat, amit az \u00e9vek alatt e fajta kapcs\u00e1n gy\u0171jt\u00f6tt\u00fcnk, most egy kiv\u00e9teles \u00e9vj\u00e1ratban, k\u00fcl\u00f6nleges hord\u00f3haszn\u00e1lattal teljesedett ki. Ez a bor:\u2013 v\u00e1logatott alapanyagb\u00f3l k\u00e9sz\u00fclt,\u2013 francia t\u00f6lgyfahord\u00f3ban \u00e9rlel\u0151d\u00f6tt,\u2013 \u00e9s minden korty\u00e1ban [&hellip;]<\/p>\n","protected":false},"featured_media":9427,"comment_status":"open","ping_status":"closed","template":"","meta":{"_et_pb_use_builder":"","_et_pb_old_content":"","_et_gb_content_width":""},"product_brand":[],"product_cat":[50],"product_tag":[],"class_list":{"0":"post-9426","1":"product","2":"type-product","3":"status-publish","4":"has-post-thumbnail","6":"product_cat-uncategorized-hu","8":"first","9":"instock","10":"shipping-taxable","11":"purchasable","12":"product-type-simple"},"yoast_head":"<!-- This site is optimized with the Yoast SEO plugin v26.2 - https:\/\/yoast.com\/wordpress\/plugins\/seo\/ -->\n<title>Chardonnay Selection 2024 - Zach\u00e1r Winery &amp; Apartments | Apartmanok \u00e9s bor\u00e1szat Sopron sz\u00edv\u00e9ben<\/title>\n<meta name=\"robots\" content=\"index, follow, max-snippet:-1, max-image-preview:large, max-video-preview:-1\" \/>\n<link rel=\"canonical\" href=\"https:\/\/zacharbor.hu\/en\/termek\/chardonnay-selection-2024\/\" \/>\n<meta property=\"og:locale\" content=\"en_US\" \/>\n<meta property=\"og:type\" content=\"article\" \/>\n<meta property=\"og:title\" content=\"Chardonnay Selection 2024 - Zach\u00e1r Winery &amp; Apartments | Apartmanok \u00e9s bor\u00e1szat Sopron sz\u00edv\u00e9ben\" \/>\n<meta property=\"og:description\" content=\"Pinc\u00e9nk eddigi legkiv\u00e1l\u00f3bb bora \u2013 egy val\u00f3di pr\u00e9mium t\u00e9tel, amely t\u00f6bb mint egy \u00e9vtizedes szakmai \u00fat m\u00e9rf\u00f6ldk\u00f6ve. A Chardonnay \u00e9vek \u00f3ta meghat\u00e1roz\u00f3 szerepl\u0151je pinc\u00e9szet\u00fcnknek, \u00e9s a tapasztalat, amit az \u00e9vek alatt e fajta kapcs\u00e1n gy\u0171jt\u00f6tt\u00fcnk, most egy kiv\u00e9teles \u00e9vj\u00e1ratban, k\u00fcl\u00f6nleges hord\u00f3haszn\u00e1lattal teljesedett ki. Ez a bor:\u2013 v\u00e1logatott alapanyagb\u00f3l k\u00e9sz\u00fclt,\u2013 francia t\u00f6lgyfahord\u00f3ban \u00e9rlel\u0151d\u00f6tt,\u2013 \u00e9s minden korty\u00e1ban [&hellip;]\" \/>\n<meta property=\"og:url\" content=\"https:\/\/zacharbor.hu\/en\/termek\/chardonnay-selection-2024\/\" \/>\n<meta property=\"og:site_name\" content=\"Zach\u00e1r Winery &amp; Apartments | Apartmanok \u00e9s bor\u00e1szat Sopron sz\u00edv\u00e9ben\" \/>\n<meta property=\"og:image\" content=\"https:\/\/zacharbor.hu\/wp-content\/uploads\/2025\/12\/ZAchar-Chardonnay-2.png\" \/>\n\t<meta property=\"og:image:width\" content=\"2340\" \/>\n\t<meta property=\"og:image:height\" content=\"2340\" \/>\n\t<meta property=\"og:image:type\" content=\"image\/png\" \/>\n<meta name=\"twitter:card\" content=\"summary_large_image\" \/>\n<meta name=\"twitter:label1\" content=\"Est. reading time\" \/>\n\t<meta name=\"twitter:data1\" content=\"1 minute\" \/>\n<script type=\"application\/ld+json\" class=\"yoast-schema-graph\">{\"@context\":\"https:\/\/schema.org\",\"@graph\":[{\"@type\":\"WebPage\",\"@id\":\"https:\/\/zacharbor.hu\/en\/termek\/chardonnay-selection-2024\/\",\"url\":\"https:\/\/zacharbor.hu\/en\/termek\/chardonnay-selection-2024\/\",\"name\":\"Chardonnay Selection 2024 - Zach\u00e1r Winery &amp; Apartments | Apartmanok \u00e9s bor\u00e1szat Sopron sz\u00edv\u00e9ben\",\"isPartOf\":{\"@id\":\"https:\/\/zacharbor.hu\/#website\"},\"primaryImageOfPage\":{\"@id\":\"https:\/\/zacharbor.hu\/en\/termek\/chardonnay-selection-2024\/#primaryimage\"},\"image\":{\"@id\":\"https:\/\/zacharbor.hu\/en\/termek\/chardonnay-selection-2024\/#primaryimage\"},\"thumbnailUrl\":\"https:\/\/zacharbor.hu\/wp-content\/uploads\/2025\/12\/ZAchar-Chardonnay-2.png\",\"datePublished\":\"2025-12-19T13:10:28+00:00\",\"breadcrumb\":{\"@id\":\"https:\/\/zacharbor.hu\/en\/termek\/chardonnay-selection-2024\/#breadcrumb\"},\"inLanguage\":\"en-US\",\"potentialAction\":[{\"@type\":\"ReadAction\",\"target\":[\"https:\/\/zacharbor.hu\/en\/termek\/chardonnay-selection-2024\/\"]}]},{\"@type\":\"ImageObject\",\"inLanguage\":\"en-US\",\"@id\":\"https:\/\/zacharbor.hu\/en\/termek\/chardonnay-selection-2024\/#primaryimage\",\"url\":\"https:\/\/zacharbor.hu\/wp-content\/uploads\/2025\/12\/ZAchar-Chardonnay-2.png\",\"contentUrl\":\"https:\/\/zacharbor.hu\/wp-content\/uploads\/2025\/12\/ZAchar-Chardonnay-2.png\",\"width\":2340,\"height\":2340},{\"@type\":\"BreadcrumbList\",\"@id\":\"https:\/\/zacharbor.hu\/en\/termek\/chardonnay-selection-2024\/#breadcrumb\",\"itemListElement\":[{\"@type\":\"ListItem\",\"position\":1,\"name\":\"Kezd\u0151lap\",\"item\":\"http:\/\/zacharbor.hu\/en\/\"},{\"@type\":\"ListItem\",\"position\":2,\"name\":\"Shop\",\"item\":\"https:\/\/zacharbor.hu\/en\/shop\/\"},{\"@type\":\"ListItem\",\"position\":3,\"name\":\"Chardonnay Selection 2024\"}]},{\"@type\":\"WebSite\",\"@id\":\"https:\/\/zacharbor.hu\/#website\",\"url\":\"https:\/\/zacharbor.hu\/\",\"name\":\"Zach\u00e1r Winery &amp; Apartments | Apartmanok \u00e9s bor\u00e1szat Sopron sz\u00edv\u00e9ben\",\"description\":\"A Soproni borvid\u00e9k lejt\u0151in, a Fert\u0151 t\u00f3 \u00e9s az Alpokalja \u00f6lel\u00e9s\u00e9ben terem a sz\u0151l\u0151, melyb\u0151l pinc\u00e9szet\u00fcnk borai sz\u00fcletnek.\",\"potentialAction\":[{\"@type\":\"SearchAction\",\"target\":{\"@type\":\"EntryPoint\",\"urlTemplate\":\"https:\/\/zacharbor.hu\/?s={search_term_string}\"},\"query-input\":{\"@type\":\"PropertyValueSpecification\",\"valueRequired\":true,\"valueName\":\"search_term_string\"}}],\"inLanguage\":\"en-US\"}]}<\/script>\n<!-- \/ Yoast SEO plugin. -->","yoast_head_json":{"title":"Chardonnay Selection 2024 - Zach\u00e1r Winery &amp; Apartments | Apartmanok \u00e9s bor\u00e1szat Sopron sz\u00edv\u00e9ben","robots":{"index":"index","follow":"follow","max-snippet":"max-snippet:-1","max-image-preview":"max-image-preview:large","max-video-preview":"max-video-preview:-1"},"canonical":"https:\/\/zacharbor.hu\/en\/termek\/chardonnay-selection-2024\/","og_locale":"en_US","og_type":"article","og_title":"Chardonnay Selection 2024 - Zach\u00e1r Winery &amp; Apartments | Apartmanok \u00e9s bor\u00e1szat Sopron sz\u00edv\u00e9ben","og_description":"Pinc\u00e9nk eddigi legkiv\u00e1l\u00f3bb bora \u2013 egy val\u00f3di pr\u00e9mium t\u00e9tel, amely t\u00f6bb mint egy \u00e9vtizedes szakmai \u00fat m\u00e9rf\u00f6ldk\u00f6ve. A Chardonnay \u00e9vek \u00f3ta meghat\u00e1roz\u00f3 szerepl\u0151je pinc\u00e9szet\u00fcnknek, \u00e9s a tapasztalat, amit az \u00e9vek alatt e fajta kapcs\u00e1n gy\u0171jt\u00f6tt\u00fcnk, most egy kiv\u00e9teles \u00e9vj\u00e1ratban, k\u00fcl\u00f6nleges hord\u00f3haszn\u00e1lattal teljesedett ki. Ez a bor:\u2013 v\u00e1logatott alapanyagb\u00f3l k\u00e9sz\u00fclt,\u2013 francia t\u00f6lgyfahord\u00f3ban \u00e9rlel\u0151d\u00f6tt,\u2013 \u00e9s minden korty\u00e1ban [&hellip;]","og_url":"https:\/\/zacharbor.hu\/en\/termek\/chardonnay-selection-2024\/","og_site_name":"Zach\u00e1r Winery &amp; Apartments | Apartmanok \u00e9s bor\u00e1szat Sopron sz\u00edv\u00e9ben","og_image":[{"width":2340,"height":2340,"url":"https:\/\/zacharbor.hu\/wp-content\/uploads\/2025\/12\/ZAchar-Chardonnay-2.png","type":"image\/png"}],"twitter_card":"summary_large_image","twitter_misc":{"Est. reading time":"1 minute"},"schema":{"@context":"https:\/\/schema.org","@graph":[{"@type":"WebPage","@id":"https:\/\/zacharbor.hu\/en\/termek\/chardonnay-selection-2024\/","url":"https:\/\/zacharbor.hu\/en\/termek\/chardonnay-selection-2024\/","name":"Chardonnay Selection 2024 - Zach\u00e1r Winery &amp; Apartments | Apartmanok \u00e9s bor\u00e1szat Sopron sz\u00edv\u00e9ben","isPartOf":{"@id":"https:\/\/zacharbor.hu\/#website"},"primaryImageOfPage":{"@id":"https:\/\/zacharbor.hu\/en\/termek\/chardonnay-selection-2024\/#primaryimage"},"image":{"@id":"https:\/\/zacharbor.hu\/en\/termek\/chardonnay-selection-2024\/#primaryimage"},"thumbnailUrl":"https:\/\/zacharbor.hu\/wp-content\/uploads\/2025\/12\/ZAchar-Chardonnay-2.png","datePublished":"2025-12-19T13:10:28+00:00","breadcrumb":{"@id":"https:\/\/zacharbor.hu\/en\/termek\/chardonnay-selection-2024\/#breadcrumb"},"inLanguage":"en-US","potentialAction":[{"@type":"ReadAction","target":["https:\/\/zacharbor.hu\/en\/termek\/chardonnay-selection-2024\/"]}]},{"@type":"ImageObject","inLanguage":"en-US","@id":"https:\/\/zacharbor.hu\/en\/termek\/chardonnay-selection-2024\/#primaryimage","url":"https:\/\/zacharbor.hu\/wp-content\/uploads\/2025\/12\/ZAchar-Chardonnay-2.png","contentUrl":"https:\/\/zacharbor.hu\/wp-content\/uploads\/2025\/12\/ZAchar-Chardonnay-2.png","width":2340,"height":2340},{"@type":"BreadcrumbList","@id":"https:\/\/zacharbor.hu\/en\/termek\/chardonnay-selection-2024\/#breadcrumb","itemListElement":[{"@type":"ListItem","position":1,"name":"Kezd\u0151lap","item":"http:\/\/zacharbor.hu\/en\/"},{"@type":"ListItem","position":2,"name":"Shop","item":"https:\/\/zacharbor.hu\/en\/shop\/"},{"@type":"ListItem","position":3,"name":"Chardonnay Selection 2024"}]},{"@type":"WebSite","@id":"https:\/\/zacharbor.hu\/#website","url":"https:\/\/zacharbor.hu\/","name":"Zach\u00e1r Winery &amp; Apartments | Apartmanok \u00e9s bor\u00e1szat Sopron sz\u00edv\u00e9ben","description":"A Soproni borvid\u00e9k lejt\u0151in, a Fert\u0151 t\u00f3 \u00e9s az Alpokalja \u00f6lel\u00e9s\u00e9ben terem a sz\u0151l\u0151, melyb\u0151l pinc\u00e9szet\u00fcnk borai sz\u00fcletnek.","potentialAction":[{"@type":"SearchAction","target":{"@type":"EntryPoint","urlTemplate":"https:\/\/zacharbor.hu\/?s={search_term_string}"},"query-input":{"@type":"PropertyValueSpecification","valueRequired":true,"valueName":"search_term_string"}}],"inLanguage":"en-US"}]}},"_links":{"self":[{"href":"http:\/\/zacharbor.hu\/en\/wp-json\/wp\/v2\/product\/9426","targetHints":{"allow":["GET"]}}],"collection":[{"href":"http:\/\/zacharbor.hu\/en\/wp-json\/wp\/v2\/product"}],"about":[{"href":"http:\/\/zacharbor.hu\/en\/wp-json\/wp\/v2\/types\/product"}],"replies":[{"embeddable":true,"href":"http:\/\/zacharbor.hu\/en\/wp-json\/wp\/v2\/comments?post=9426"}],"wp:featuredmedia":[{"embeddable":true,"href":"http:\/\/zacharbor.hu\/en\/wp-json\/wp\/v2\/media\/9427"}],"wp:attachment":[{"href":"http:\/\/zacharbor.hu\/en\/wp-json\/wp\/v2\/media?parent=9426"}],"wp:term":[{"taxonomy":"product_brand","embeddable":true,"href":"http:\/\/zacharbor.hu\/en\/wp-json\/wp\/v2\/product_brand?post=9426"},{"taxonomy":"product_cat","embeddable":true,"href":"http:\/\/zacharbor.hu\/en\/wp-json\/wp\/v2\/product_cat?post=9426"},{"taxonomy":"product_tag","embeddable":true,"href":"http:\/\/zacharbor.hu\/en\/wp-json\/wp\/v2\/product_tag?post=9426"}],"curies":[{"name":"wp","href":"https:\/\/api.w.org\/{rel}","templated":true}]}}