{"id":8413,"date":"2024-01-12T17:14:54","date_gmt":"2024-01-12T17:14:54","guid":{"rendered":"https:\/\/zacharbor.hu\/cart\/"},"modified":"2025-09-21T07:37:32","modified_gmt":"2025-09-21T07:37:32","slug":"cart","status":"publish","type":"page","link":"http:\/\/zacharbor.hu\/en\/cart\/","title":{"rendered":"Cart"},"content":{"rendered":"<p>[et_pb_section fb_built=&#8221;1&#8243; _builder_version=&#8221;4.16&#8243; _module_preset=&#8221;default&#8221; custom_padding=&#8221;28px|||||&#8221; locked=&#8221;off&#8221; global_colors_info=&#8221;{}&#8221;][et_pb_row _builder_version=&#8221;4.16&#8243; _module_preset=&#8221;default&#8221; custom_padding=&#8221;||4px|||&#8221; global_colors_info=&#8221;{}&#8221;][et_pb_column type=&#8221;4_4&#8243; _builder_version=&#8221;4.16&#8243; _module_preset=&#8221;default&#8221; global_colors_info=&#8221;{}&#8221;][et_pb_code _builder_version=&#8221;4.17.6&#8243; _module_preset=&#8221;default&#8221; custom_margin=&#8221;||0px||false|false&#8221; global_colors_info=&#8221;{}&#8221;]<\/p>\n<style><!-- [et_pb_line_break_holder] -->.et_pb_wc_cart_products table.cart .product-remove a.remove {<!-- [et_pb_line_break_holder] -->  line-height: 0.85;<!-- [et_pb_line_break_holder] -->  font-family: 'Jost',Helvetica,Arial,Lucida,sans-serif;<!-- [et_pb_line_break_holder] -->}<!-- [et_pb_line_break_holder] -->  <!-- [et_pb_line_break_holder] -->.shipping-calculator-form {<!-- [et_pb_line_break_holder] -->  margin-top: 10px;<!-- [et_pb_line_break_holder] -->} <!-- [et_pb_line_break_holder] -->  <!-- [et_pb_line_break_holder] -->.et_pb_wc_cart_totals .select2-container--default .select2-selection--single, .et_pb_wc_cart_totals form .form-row input.input-text {<!-- [et_pb_line_break_holder] -->  min-height: inherit;<!-- [et_pb_line_break_holder] -->}<!-- [et_pb_line_break_holder] -->  <!-- [et_pb_line_break_holder] -->@media screen and (max-width: 980px) {<!-- [et_pb_line_break_holder] -->#main-content table.cart td {<!-- [et_pb_line_break_holder] -->  padding-left: 20px;<!-- [et_pb_line_break_holder] -->\tpadding-right: 20px;<!-- [et_pb_line_break_holder] -->}<!-- [et_pb_line_break_holder] -->}<!-- [et_pb_line_break_holder] -->  <!-- [et_pb_line_break_holder] -->  @media screen and (max-width: 768px) {<!-- [et_pb_line_break_holder] -->    .woocommerce-page .et_pb_wc_cart_products .quantity input.qty, .woocommerce .et_pb_wc_cart_products .quantity input.qty {<!-- [et_pb_line_break_holder] -->    width: 2em;<!-- [et_pb_line_break_holder] -->}<!-- [et_pb_line_break_holder] -->  }<!-- [et_pb_line_break_holder] --><\/style>\n<p>[\/et_pb_code][et_pb_blurb title=&#8221;Cart&#8221; use_icon=&#8221;on&#8221; font_icon=&#8221;&#xe015;||divi||400&#8243; icon_color=&#8221;#E02B20&#8243; image_icon_background_color=&#8221;#eeeeee&#8221; image_icon_width=&#8221;40px&#8221; content_max_width=&#8221;100%&#8221; admin_label=&#8221;Shopping Cart&#8221; _builder_version=&#8221;4.27.4&#8243; _module_preset=&#8221;default&#8221; header_font=&#8221;|600|||||||&#8221; header_font_size=&#8221;40px&#8221; header_line_height=&#8221;1.3em&#8221; image_icon_custom_padding=&#8221;20px|20px|20px|20px|true|true&#8221; text_orientation=&#8221;center&#8221; animation=&#8221;off&#8221; header_font_size_tablet=&#8221;30px&#8221; header_font_size_phone=&#8221;30px&#8221; header_font_size_last_edited=&#8221;on|tablet&#8221; custom_css_blurb_image=&#8221;margin-bottom: 10px;&#8221; global_colors_info=&#8221;{}&#8221;][\/et_pb_blurb][\/et_pb_column][\/et_pb_row][et_pb_row _builder_version=&#8221;4.16&#8243; _module_preset=&#8221;default&#8221; custom_padding=&#8221;0px||||false|false&#8221; global_colors_info=&#8221;{}&#8221;][et_pb_column type=&#8221;4_4&#8243; _builder_version=&#8221;4.16&#8243; _module_preset=&#8221;default&#8221; global_colors_info=&#8221;{}&#8221;][et_pb_blurb title=&#8221;Continue shopping&#8221; url=&#8221;@ET-DC@eyJkeW5hbWljIjp0cnVlLCJjb250ZW50IjoicG9zdF9saW5rX3VybF9wYWdlIiwic2V0dGluZ3MiOnsicG9zdF9pZCI6Ijc1OTIifX0=@&#8221; content_max_width=&#8221;100%&#8221; admin_label=&#8221;Shop Link&#8221; _builder_version=&#8221;4.27.4&#8243; _dynamic_attributes=&#8221;url&#8221; _module_preset=&#8221;default&#8221; header_font=&#8221;||||on|||#000000|&#8221; header_font_size=&#8221;16px&#8221; custom_margin=&#8221;||10px||false|false&#8221; hover_enabled=&#8221;0&#8243; global_colors_info=&#8221;{}&#8221; sticky_enabled=&#8221;0&#8243;][\/et_pb_blurb][et_pb_wc_cart_notice _builder_version=&#8221;4.16&#8243; _module_preset=&#8221;default&#8221; title_text_color=&#8221;#000000&#8243; title_line_height=&#8221;1.3em&#8221; title_link_text_color=&#8221;#E02B20&#8243; error_line_height=&#8221;1.3em&#8221; content_text_color=&#8221;#000000&#8243; content_font_size=&#8221;16px&#8221; background_color=&#8221;#FFFFFF&#8221; custom_button=&#8221;on&#8221; button_text_size=&#8221;16px&#8221; button_text_color=&#8221;#FFFFFF&#8221; button_bg_color=&#8221;#E02B20&#8243; button_border_width=&#8221;0px&#8221; button_border_radius=&#8221;0px&#8221; button_use_icon=&#8221;off&#8221; button_custom_padding=&#8221;10px|20px|10px|20px|true|true&#8221; custom_margin=&#8221;0em|0em|20px|0em|false|false&#8221; title_font_size_tablet=&#8221;16px&#8221; title_font_size_phone=&#8221;16px&#8221; title_font_size_last_edited=&#8221;on|desktop&#8221; error_font_size_tablet=&#8221;16px&#8221; error_font_size_phone=&#8221;16px&#8221; error_font_size_last_edited=&#8221;on|desktop&#8221; box_shadow_style=&#8221;preset1&#8243; box_shadow_vertical=&#8221;30px&#8221; box_shadow_blur=&#8221;70px&#8221; box_shadow_style_button=&#8221;preset1&#8243; box_shadow_vertical_button=&#8221;0px&#8221; box_shadow_blur_button=&#8221;0px&#8221; global_colors_info=&#8221;{}&#8221; button_bg_color__hover_enabled=&#8221;on|hover&#8221; button_border_radius__hover_enabled=&#8221;off|hover&#8221; button_text_color__hover_enabled=&#8221;off|hover&#8221; button_text_color__hover=&#8221;#FFFFFF&#8221; box_shadow_vertical_button__hover_enabled=&#8221;on|desktop&#8221; box_shadow_vertical_button__hover=&#8221;2px&#8221; box_shadow_blur_button__hover_enabled=&#8221;on|hover&#8221; box_shadow_blur_button__hover=&#8221;18px&#8221; button_bg_color__hover=&#8221;#E02B20&#8243;][\/et_pb_wc_cart_notice][\/et_pb_column][\/et_pb_row][et_pb_row column_structure=&#8221;3_5,2_5&#8243; _builder_version=&#8221;4.16&#8243; _module_preset=&#8221;default&#8221; custom_padding=&#8221;0px||||false|false&#8221; global_colors_info=&#8221;{}&#8221;][et_pb_column type=&#8221;3_5&#8243; _builder_version=&#8221;4.16&#8243; _module_preset=&#8221;default&#8221; global_colors_info=&#8221;{}&#8221;][et_pb_wc_cart_products _builder_version=&#8221;4.18.0&#8243; _module_preset=&#8221;default&#8221; table_custom_margin=&#8221;||0px||false|false&#8221; icon_background_color=&#8221;RGBA(255,255,255,0)&#8221; icon_text_color=&#8221;#E02B20&#8243; form_field_text_color=&#8221;#000000&#8243; form_field_focus_text_color=&#8221;#000000&#8243; form_field_custom_padding=&#8221;10.5px||10.5px||true|false&#8221; body_text_color=&#8221;#000000&#8243; table_header_font=&#8221;|600|||||||&#8221; table_header_text_color=&#8221;#000000&#8243; form_field_font_size=&#8221;16px&#8221; custom_button=&#8221;on&#8221; button_text_size=&#8221;16px&#8221; button_text_color=&#8221;#FFFFFF&#8221; button_bg_color=&#8221;#E02B20&#8243; button_border_width=&#8221;0px&#8221; button_border_radius=&#8221;0px&#8221; button_use_icon=&#8221;off&#8221; button_custom_padding=&#8221;10px|20px|10px|20px|true|true&#8221; custom_disabled_button=&#8221;on&#8221; disabled_button_text_size=&#8221;16px&#8221; disabled_button_text_color=&#8221;#FFFFFF&#8221; disabled_button_bg_color=&#8221;#E02B20&#8243; disabled_button_border_width=&#8221;0px&#8221; disabled_button_border_radius=&#8221;0px&#8221; disabled_button_use_icon=&#8221;off&#8221; disabled_button_custom_padding=&#8221;10px|20px|10px|20px|true|true&#8221; custom_padding=&#8221;10px|20px|10px|20px|true|true&#8221; custom_padding_tablet=&#8221;0px|0px|0px|0px|true|true&#8221; custom_padding_phone=&#8221;0px|0px|0px|0px|true|true&#8221; custom_padding_last_edited=&#8221;on|tablet&#8221; button_border_radius_last_edited=&#8221;off|desktop&#8221; custom_css_table=&#8221;table-layout: auto;&#8221; custom_css_product_image=&#8221;width: 120px;&#8221; border_radii_table=&#8221;on|0px|0px|0px|0px&#8221; border_width_all_table=&#8221;0px&#8221; box_shadow_style=&#8221;preset1&#8243; box_shadow_vertical=&#8221;30px&#8221; box_shadow_blur=&#8221;70px&#8221; box_shadow_style_button=&#8221;preset1&#8243; box_shadow_vertical_button=&#8221;0px&#8221; box_shadow_blur_button=&#8221;0px&#8221; box_shadow_style_disabled_button=&#8221;preset1&#8243; box_shadow_vertical_disabled_button=&#8221;0px&#8221; box_shadow_blur_disabled_button=&#8221;0px&#8221; box_shadow_vertical_disabled_button_last_edited=&#8221;off|desktop&#8221; global_colors_info=&#8221;{}&#8221; button_text_color__hover_enabled=&#8221;off|hover&#8221; button_text_color__hover=&#8221;#FFFFFF&#8221; button_bg_color__hover_enabled=&#8221;on|hover&#8221; button_bg_enable_color__hover=&#8221;on&#8221; disabled_button_text_color__hover_enabled=&#8221;off|hover&#8221; disabled_button_text_color__hover=&#8221;#FFFFFF&#8221; disabled_button_bg_color__hover_enabled=&#8221;on|hover&#8221; disabled_button_bg_enable_color__hover=&#8221;on&#8221; button_border_radius__hover_enabled=&#8221;off|hover&#8221; disabled_button_border_radius__hover_enabled=&#8221;off|hover&#8221; button_custom_margin__hover_enabled=&#8221;off|hover&#8221; box_shadow_vertical_button__hover_enabled=&#8221;on|hover&#8221; box_shadow_vertical_button__hover=&#8221;2px&#8221; box_shadow_blur_button__hover_enabled=&#8221;on|desktop&#8221; box_shadow_blur_button__hover=&#8221;18px&#8221; box_shadow_vertical_disabled_button__hover_enabled=&#8221;on|hover&#8221; box_shadow_vertical_disabled_button__hover=&#8221;2px&#8221; box_shadow_blur_disabled_button__hover_enabled=&#8221;on|hover&#8221; box_shadow_blur_disabled_button__hover=&#8221;18px&#8221; button_bg_color__hover=&#8221;#E02B20&#8243; disabled_button_bg_color__hover=&#8221;#E02B20&#8243;][\/et_pb_wc_cart_products][\/et_pb_column][et_pb_column type=&#8221;2_5&#8243; _builder_version=&#8221;4.16&#8243; _module_preset=&#8221;default&#8221; global_colors_info=&#8221;{}&#8221;][et_pb_wc_cart_totals _builder_version=&#8221;4.18.0&#8243; _module_preset=&#8221;default&#8221; form_field_text_color=&#8221;#000000&#8243; form_field_focus_text_color=&#8221;#000000&#8243; form_field_custom_padding=&#8221;10px||10px||true|false&#8221; title_text_color=&#8221;#000000&#8243; title_font_size=&#8221;30px&#8221; title_line_height=&#8221;1.3em&#8221; column_label_font=&#8221;|600|||||||&#8221; column_label_text_color=&#8221;#000000&#8243; body_text_color=&#8221;#000000&#8243; link_text_color=&#8221;#E02B20&#8243; background_color=&#8221;#FFFFFF&#8221; custom_button=&#8221;on&#8221; button_text_size=&#8221;16px&#8221; button_text_color=&#8221;#FFFFFF&#8221; button_bg_color=&#8221;#E02B20&#8243; button_border_width=&#8221;0px&#8221; button_border_radius=&#8221;0px&#8221; button_use_icon=&#8221;off&#8221; button_custom_padding=&#8221;10px|20px|10px|20px|true|true&#8221; custom_padding=&#8221;20px|20px|0px|20px|false|true&#8221; title_font_size_tablet=&#8221;24px&#8221; title_font_size_phone=&#8221;20px&#8221; title_font_size_last_edited=&#8221;on|phone&#8221; button_border_radius_last_edited=&#8221;off|desktop&#8221; custom_css_column_label=&#8221;min-width: 110px;&#8221; custom_css_link=&#8221;color: #e02b20;&#8221; custom_css_table=&#8221;table-layout: auto;&#8221; border_radii_table=&#8221;on|0px|0px|0px|0px&#8221; box_shadow_style=&#8221;preset1&#8243; box_shadow_vertical=&#8221;30px&#8221; box_shadow_blur=&#8221;70px&#8221; box_shadow_style_button=&#8221;preset1&#8243; box_shadow_vertical_button=&#8221;0px&#8221; box_shadow_blur_button=&#8221;0px&#8221; global_colors_info=&#8221;{}&#8221; button_text_color__hover_enabled=&#8221;off|hover&#8221; button_text_color__hover=&#8221;#FFFFFF&#8221; button_bg_color__hover_enabled=&#8221;on|hover&#8221; button_bg_enable_color__hover=&#8221;on&#8221; button_border_radius__hover_enabled=&#8221;off|hover&#8221; box_shadow_vertical_button__hover_enabled=&#8221;on|hover&#8221; box_shadow_vertical_button__hover=&#8221;2px&#8221; box_shadow_blur_button__hover_enabled=&#8221;on|hover&#8221; box_shadow_blur_button__hover=&#8221;18px&#8221; button_bg_color__hover=&#8221;#E02B20&#8243;][\/et_pb_wc_cart_totals][et_pb_wc_upsells product=&#8221;4138&#8243; posts_number=&#8221;2&#8243; columns_number=&#8221;2&#8243; sale_badge_color=&#8221;#E02B20&#8243; icon_hover_color=&#8221;RGBA(255,255,255,0)&#8221; hover_overlay_color=&#8221;RGBA(255,255,255,0)&#8221; _builder_version=&#8221;4.16&#8243; _module_preset=&#8221;default&#8221; title_font_size=&#8221;30px&#8221; title_line_height=&#8221;1.3em&#8221; rating_text_color=&#8221;#E02B20&#8243; product_title_font_size=&#8221;18px&#8221; product_title_line_height=&#8221;1.3em&#8221; sale_badge_text_color=&#8221;#FFFFFF&#8221; sale_badge_font_size=&#8221;16px&#8221; background_color=&#8221;#FFFFFF&#8221; custom_margin=&#8221;50px||||false|false&#8221; custom_padding=&#8221;20px|20px|0px|20px|false|true&#8221; title_font_size_tablet=&#8221;24px&#8221; title_font_size_phone=&#8221;20px&#8221; title_font_size_last_edited=&#8221;on|phone&#8221; product_title_font_size_tablet=&#8221;16px&#8221; product_title_font_size_phone=&#8221;16px&#8221; product_title_font_size_last_edited=&#8221;on|tablet&#8221; custom_css_main_element=&#8221;box-shadow: 0px 30px 70px 0px rgba(0,0,0,0.3);&#8221; border_radii_sale_badge=&#8221;on|0px|0px|0px|0px&#8221; global_colors_info=&#8221;{}&#8221;][\/et_pb_wc_upsells][\/et_pb_column][\/et_pb_row][\/et_pb_section][et_pb_section fb_built=&#8221;1&#8243; _builder_version=&#8221;4.16&#8243; background_color=&#8221;#2b2b2b&#8221; custom_padding=&#8221;12px|0px|12px|0px|false|false&#8221; saved_tabs=&#8221;all&#8221; locked=&#8221;off&#8221; global_colors_info=&#8221;{}&#8221; global_module=&#8221;8928&#8243; theme_builder_area=&#8221;post_content&#8221;][et_pb_row disabled_on=&#8221;on|off|off&#8221; _builder_version=&#8221;4.16&#8243; width=&#8221;100%&#8221; custom_padding=&#8221;0|0px|0|0px|false|false&#8221; global_colors_info=&#8221;{}&#8221; theme_builder_area=&#8221;post_content&#8221;][et_pb_column type=&#8221;4_4&#8243; _builder_version=&#8221;4.16&#8243; custom_padding=&#8221;|||&#8221; global_colors_info=&#8221;{}&#8221; custom_padding__hover=&#8221;|||&#8221; theme_builder_area=&#8221;post_content&#8221;][et_pb_text _builder_version=&#8221;4.21.0&#8243; text_font=&#8221;||||||||&#8221; text_text_color=&#8221;#ffffff&#8221; link_text_color=&#8221;#ffffff&#8221; header_font=&#8221;Poppins|600|||||||&#8221; header_font_size=&#8221;60px&#8221; header_letter_spacing=&#8221;-1px&#8221; background_layout=&#8221;dark&#8221; header_font_size_tablet=&#8221;&#8221; header_font_size_phone=&#8221;35px&#8221; header_font_size_last_edited=&#8221;on|phone&#8221; global_colors_info=&#8221;{}&#8221; text_text_color__hover_enabled=&#8221;off|desktop&#8221; theme_builder_area=&#8221;post_content&#8221;]<\/p>\n<p>zacharbor.hu 2025 | <a href=\"\/en\/impressum\">Impressum <\/a>| <a href=\"\/privacy-policy\">Privacy Policy<\/a> | <a href=\"https:\/\/www.webpole.hu\/\" target=\"_blank\" rel=\"noopener noreferrer\">Website: Webpole<\/a><\/p>\n<p>[\/et_pb_text][\/et_pb_column][\/et_pb_row][et_pb_row disabled_on=&#8221;off|on|on&#8221; _builder_version=&#8221;4.16&#8243; width=&#8221;82%&#8221; custom_padding=&#8221;0|0px|0|0px|false|false&#8221; global_colors_info=&#8221;{}&#8221; theme_builder_area=&#8221;post_content&#8221;][et_pb_column type=&#8221;4_4&#8243; _builder_version=&#8221;4.16&#8243; custom_padding=&#8221;|||&#8221; global_colors_info=&#8221;{}&#8221; custom_padding__hover=&#8221;|||&#8221; theme_builder_area=&#8221;post_content&#8221;][et_pb_text _builder_version=&#8221;4.27.4&#8243; text_font=&#8221;||||||||&#8221; text_text_color=&#8221;#ffffff&#8221; link_text_color=&#8221;#ffffff&#8221; header_font=&#8221;Poppins|600|||||||&#8221; header_font_size=&#8221;60px&#8221; header_letter_spacing=&#8221;-1px&#8221; text_orientation=&#8221;center&#8221; background_layout=&#8221;dark&#8221; header_font_size_tablet=&#8221;&#8221; header_font_size_phone=&#8221;35px&#8221; header_font_size_last_edited=&#8221;on|phone&#8221; global_colors_info=&#8221;{}&#8221; text_text_color__hover_enabled=&#8221;off|desktop&#8221; theme_builder_area=&#8221;post_content&#8221;]<\/p>\n<p>\u00a9 zacharbor.hu 2025<\/p>\n<p><a href=\"\/en\/impressum\">Impressum<\/a><\/p>\n<p><a href=\"\/privacy-policy\">Privacy Policy<\/a><\/p>\n<p><a href=\"https:\/\/www.webpole.hu\/\" target=\"_blank\" rel=\"noopener noreferrer\">Website: Webpole<\/a><\/p>\n<p>[\/et_pb_text][\/et_pb_column][\/et_pb_row][\/et_pb_section]<\/p>\n","protected":false},"excerpt":{"rendered":"<p>zacharbor.hu 2025 | Impressum | Privacy Policy | Website: Webpole\u00a9 zacharbor.hu 2025 Impressum Privacy Policy Website: Webpole<\/p>\n","protected":false},"author":1,"featured_media":0,"parent":0,"menu_order":0,"comment_status":"closed","ping_status":"closed","template":"","meta":{"_et_pb_use_builder":"on","_et_pb_old_content":"","_et_gb_content_width":"","footnotes":""},"class_list":["post-8413","page","type-page","status-publish","hentry"],"yoast_head":"<!-- This site is optimized with the Yoast SEO plugin v26.2 - https:\/\/yoast.com\/wordpress\/plugins\/seo\/ -->\n<title>Cart - Zach\u00e1r Winery &amp; Apartments | Apartmanok \u00e9s bor\u00e1szat Sopron sz\u00edv\u00e9ben<\/title>\n<meta name=\"robots\" content=\"index, follow, max-snippet:-1, max-image-preview:large, max-video-preview:-1\" \/>\n<link rel=\"canonical\" href=\"http:\/\/zacharbor.hu\/en\/cart\/\" \/>\n<meta property=\"og:locale\" content=\"en_US\" \/>\n<meta property=\"og:type\" content=\"article\" \/>\n<meta property=\"og:title\" content=\"Cart - Zach\u00e1r Winery &amp; Apartments | Apartmanok \u00e9s bor\u00e1szat Sopron sz\u00edv\u00e9ben\" \/>\n<meta property=\"og:description\" content=\"zacharbor.hu 2025 | Impressum | Privacy Policy | Website: Webpole\u00a9 zacharbor.hu 2025 Impressum Privacy Policy Website: Webpole\" \/>\n<meta property=\"og:url\" content=\"http:\/\/zacharbor.hu\/en\/cart\/\" \/>\n<meta property=\"og:site_name\" content=\"Zach\u00e1r Winery &amp; Apartments | Apartmanok \u00e9s bor\u00e1szat Sopron sz\u00edv\u00e9ben\" \/>\n<meta property=\"article:modified_time\" content=\"2025-09-21T07:37:32+00:00\" \/>\n<meta name=\"twitter:card\" content=\"summary_large_image\" \/>\n<meta name=\"twitter:label1\" content=\"Est. reading time\" \/>\n\t<meta name=\"twitter:data1\" content=\"1 minute\" \/>\n<script type=\"application\/ld+json\" class=\"yoast-schema-graph\">{\"@context\":\"https:\/\/schema.org\",\"@graph\":[{\"@type\":\"WebPage\",\"@id\":\"http:\/\/zacharbor.hu\/en\/cart\/\",\"url\":\"http:\/\/zacharbor.hu\/en\/cart\/\",\"name\":\"Cart - Zach\u00e1r Winery &amp; Apartments | Apartmanok \u00e9s bor\u00e1szat Sopron sz\u00edv\u00e9ben\",\"isPartOf\":{\"@id\":\"https:\/\/zacharbor.hu\/#website\"},\"datePublished\":\"2024-01-12T17:14:54+00:00\",\"dateModified\":\"2025-09-21T07:37:32+00:00\",\"breadcrumb\":{\"@id\":\"http:\/\/zacharbor.hu\/en\/cart\/#breadcrumb\"},\"inLanguage\":\"en-US\",\"potentialAction\":[{\"@type\":\"ReadAction\",\"target\":[\"http:\/\/zacharbor.hu\/en\/cart\/\"]}]},{\"@type\":\"BreadcrumbList\",\"@id\":\"http:\/\/zacharbor.hu\/en\/cart\/#breadcrumb\",\"itemListElement\":[{\"@type\":\"ListItem\",\"position\":1,\"name\":\"Kezd\u0151lap\",\"item\":\"http:\/\/zacharbor.hu\/en\/\"},{\"@type\":\"ListItem\",\"position\":2,\"name\":\"Cart\"}]},{\"@type\":\"WebSite\",\"@id\":\"https:\/\/zacharbor.hu\/#website\",\"url\":\"https:\/\/zacharbor.hu\/\",\"name\":\"Zach\u00e1r Winery &amp; Apartments | Apartmanok \u00e9s bor\u00e1szat Sopron sz\u00edv\u00e9ben\",\"description\":\"A Soproni borvid\u00e9k lejt\u0151in, a Fert\u0151 t\u00f3 \u00e9s az Alpokalja \u00f6lel\u00e9s\u00e9ben terem a sz\u0151l\u0151, melyb\u0151l pinc\u00e9szet\u00fcnk borai sz\u00fcletnek.\",\"potentialAction\":[{\"@type\":\"SearchAction\",\"target\":{\"@type\":\"EntryPoint\",\"urlTemplate\":\"https:\/\/zacharbor.hu\/?s={search_term_string}\"},\"query-input\":{\"@type\":\"PropertyValueSpecification\",\"valueRequired\":true,\"valueName\":\"search_term_string\"}}],\"inLanguage\":\"en-US\"}]}<\/script>\n<!-- \/ Yoast SEO plugin. -->","yoast_head_json":{"title":"Cart - Zach\u00e1r Winery &amp; Apartments | Apartmanok \u00e9s bor\u00e1szat Sopron sz\u00edv\u00e9ben","robots":{"index":"index","follow":"follow","max-snippet":"max-snippet:-1","max-image-preview":"max-image-preview:large","max-video-preview":"max-video-preview:-1"},"canonical":"http:\/\/zacharbor.hu\/en\/cart\/","og_locale":"en_US","og_type":"article","og_title":"Cart - Zach\u00e1r Winery &amp; Apartments | Apartmanok \u00e9s bor\u00e1szat Sopron sz\u00edv\u00e9ben","og_description":"zacharbor.hu 2025 | Impressum | Privacy Policy | Website: Webpole\u00a9 zacharbor.hu 2025 Impressum Privacy Policy Website: Webpole","og_url":"http:\/\/zacharbor.hu\/en\/cart\/","og_site_name":"Zach\u00e1r Winery &amp; Apartments | Apartmanok \u00e9s bor\u00e1szat Sopron sz\u00edv\u00e9ben","article_modified_time":"2025-09-21T07:37:32+00:00","twitter_card":"summary_large_image","twitter_misc":{"Est. reading time":"1 minute"},"schema":{"@context":"https:\/\/schema.org","@graph":[{"@type":"WebPage","@id":"http:\/\/zacharbor.hu\/en\/cart\/","url":"http:\/\/zacharbor.hu\/en\/cart\/","name":"Cart - Zach\u00e1r Winery &amp; Apartments | Apartmanok \u00e9s bor\u00e1szat Sopron sz\u00edv\u00e9ben","isPartOf":{"@id":"https:\/\/zacharbor.hu\/#website"},"datePublished":"2024-01-12T17:14:54+00:00","dateModified":"2025-09-21T07:37:32+00:00","breadcrumb":{"@id":"http:\/\/zacharbor.hu\/en\/cart\/#breadcrumb"},"inLanguage":"en-US","potentialAction":[{"@type":"ReadAction","target":["http:\/\/zacharbor.hu\/en\/cart\/"]}]},{"@type":"BreadcrumbList","@id":"http:\/\/zacharbor.hu\/en\/cart\/#breadcrumb","itemListElement":[{"@type":"ListItem","position":1,"name":"Kezd\u0151lap","item":"http:\/\/zacharbor.hu\/en\/"},{"@type":"ListItem","position":2,"name":"Cart"}]},{"@type":"WebSite","@id":"https:\/\/zacharbor.hu\/#website","url":"https:\/\/zacharbor.hu\/","name":"Zach\u00e1r Winery &amp; Apartments | Apartmanok \u00e9s bor\u00e1szat Sopron sz\u00edv\u00e9ben","description":"A Soproni borvid\u00e9k lejt\u0151in, a Fert\u0151 t\u00f3 \u00e9s az Alpokalja \u00f6lel\u00e9s\u00e9ben terem a sz\u0151l\u0151, melyb\u0151l pinc\u00e9szet\u00fcnk borai sz\u00fcletnek.","potentialAction":[{"@type":"SearchAction","target":{"@type":"EntryPoint","urlTemplate":"https:\/\/zacharbor.hu\/?s={search_term_string}"},"query-input":{"@type":"PropertyValueSpecification","valueRequired":true,"valueName":"search_term_string"}}],"inLanguage":"en-US"}]}},"_links":{"self":[{"href":"http:\/\/zacharbor.hu\/en\/wp-json\/wp\/v2\/pages\/8413","targetHints":{"allow":["GET"]}}],"collection":[{"href":"http:\/\/zacharbor.hu\/en\/wp-json\/wp\/v2\/pages"}],"about":[{"href":"http:\/\/zacharbor.hu\/en\/wp-json\/wp\/v2\/types\/page"}],"author":[{"embeddable":true,"href":"http:\/\/zacharbor.hu\/en\/wp-json\/wp\/v2\/users\/1"}],"replies":[{"embeddable":true,"href":"http:\/\/zacharbor.hu\/en\/wp-json\/wp\/v2\/comments?post=8413"}],"version-history":[{"count":0,"href":"http:\/\/zacharbor.hu\/en\/wp-json\/wp\/v2\/pages\/8413\/revisions"}],"wp:attachment":[{"href":"http:\/\/zacharbor.hu\/en\/wp-json\/wp\/v2\/media?parent=8413"}],"curies":[{"name":"wp","href":"https:\/\/api.w.org\/{rel}","templated":true}]}}